{"id":510,"date":"2026-01-21T12:33:12","date_gmt":"2026-01-21T12:33:12","guid":{"rendered":"https:\/\/nossavisao.pt\/apa\/?page_id=510"},"modified":"2026-02-02T11:50:33","modified_gmt":"2026-02-02T11:50:33","slug":"lets-separate-the-waste","status":"publish","type":"page","link":"https:\/\/nossavisao.pt\/apa\/en\/lets-separate-the-waste\/","title":{"rendered":"vamos lixar o lixo &#8211; en"},"content":{"rendered":"","protected":false},"excerpt":{"rendered":"","protected":false},"author":1,"featured_media":846,"parent":0,"menu_order":0,"comment_status":"closed","ping_status":"closed","template":"page-home.php","meta":{"_acf_changed":false,"inline_featured_image":false,"footnotes":""},"class_list":["post-510","page","type-page","status-publish","has-post-thumbnail","hentry"],"acf":[],"yoast_head":"<!-- This site is optimized with the Yoast SEO plugin v27.6 - https:\/\/yoast.com\/product\/yoast-seo-wordpress\/ -->\n<title>Let\u2019s separate the waste.<\/title>\n<meta name=\"description\" content=\"Let&#039;s separate the waste before our future is wasted.\" \/>\n<meta name=\"robots\" content=\"index, follow, max-snippet:-1, max-image-preview:large, max-video-preview:-1\" \/>\n<link rel=\"canonical\" href=\"https:\/\/nossavisao.pt\/apa\/en\/lets-separate-the-waste\/\" \/>\n<meta property=\"og:locale\" content=\"pt_PT\" \/>\n<meta property=\"og:type\" content=\"article\" \/>\n<meta property=\"og:title\" content=\"Let\u2019s separate the waste.\" \/>\n<meta property=\"og:description\" content=\"Let&#039;s separate the waste before our future is wasted.\" \/>\n<meta property=\"og:url\" content=\"https:\/\/nossavisao.pt\/apa\/en\/lets-separate-the-waste\/\" \/>\n<meta property=\"og:site_name\" content=\"apa - ag\u00eancia portuguesa do ambiente\" \/>\n<meta property=\"article:modified_time\" content=\"2026-02-02T11:50:33+00:00\" \/>\n<meta property=\"og:image\" content=\"https:\/\/nossavisao.pt\/apa\/wp-content\/uploads\/share-1200x630-2.avif\" \/>\n\t<meta property=\"og:image:width\" content=\"1200\" \/>\n\t<meta property=\"og:image:height\" content=\"630\" \/>\n\t<meta property=\"og:image:type\" content=\"image\/jpeg\" \/>\n<meta name=\"twitter:card\" content=\"summary_large_image\" \/>\n<meta name=\"twitter:label1\" content=\"Tempo estimado de leitura\" \/>\n\t<meta name=\"twitter:data1\" content=\"1 minuto\" \/>\n<script type=\"application\/ld+json\" class=\"yoast-schema-graph\">{\"@context\":\"https:\\\/\\\/schema.org\",\"@graph\":[{\"@type\":\"WebPage\",\"@id\":\"https:\\\/\\\/nossavisao.pt\\\/apa\\\/en\\\/lets-separate-the-waste\\\/\",\"url\":\"https:\\\/\\\/nossavisao.pt\\\/apa\\\/en\\\/lets-separate-the-waste\\\/\",\"name\":\"Let\u2019s separate the waste.\",\"isPartOf\":{\"@id\":\"https:\\\/\\\/nossavisao.pt\\\/apa\\\/#website\"},\"primaryImageOfPage\":{\"@id\":\"https:\\\/\\\/nossavisao.pt\\\/apa\\\/en\\\/lets-separate-the-waste\\\/#primaryimage\"},\"image\":{\"@id\":\"https:\\\/\\\/nossavisao.pt\\\/apa\\\/en\\\/lets-separate-the-waste\\\/#primaryimage\"},\"thumbnailUrl\":\"https:\\\/\\\/nossavisao.pt\\\/apa\\\/wp-content\\\/uploads\\\/share-1200x630-2.avif\",\"datePublished\":\"2026-01-21T12:33:12+00:00\",\"dateModified\":\"2026-02-02T11:50:33+00:00\",\"description\":\"Let's separate the waste before our future is wasted.\",\"breadcrumb\":{\"@id\":\"https:\\\/\\\/nossavisao.pt\\\/apa\\\/en\\\/lets-separate-the-waste\\\/#breadcrumb\"},\"inLanguage\":\"pt-PT\",\"potentialAction\":[{\"@type\":\"ReadAction\",\"target\":[\"https:\\\/\\\/nossavisao.pt\\\/apa\\\/en\\\/lets-separate-the-waste\\\/\"]}]},{\"@type\":\"ImageObject\",\"inLanguage\":\"pt-PT\",\"@id\":\"https:\\\/\\\/nossavisao.pt\\\/apa\\\/en\\\/lets-separate-the-waste\\\/#primaryimage\",\"url\":\"https:\\\/\\\/nossavisao.pt\\\/apa\\\/wp-content\\\/uploads\\\/share-1200x630-2.avif\",\"contentUrl\":\"https:\\\/\\\/nossavisao.pt\\\/apa\\\/wp-content\\\/uploads\\\/share-1200x630-2.avif\",\"width\":1200,\"height\":630},{\"@type\":\"BreadcrumbList\",\"@id\":\"https:\\\/\\\/nossavisao.pt\\\/apa\\\/en\\\/lets-separate-the-waste\\\/#breadcrumb\",\"itemListElement\":[{\"@type\":\"ListItem\",\"position\":1,\"name\":\"In\u00edcio\",\"item\":\"https:\\\/\\\/nossavisao.pt\\\/apa\\\/\"},{\"@type\":\"ListItem\",\"position\":2,\"name\":\"vamos lixar o lixo &#8211; en\"}]},{\"@type\":\"WebSite\",\"@id\":\"https:\\\/\\\/nossavisao.pt\\\/apa\\\/#website\",\"url\":\"https:\\\/\\\/nossavisao.pt\\\/apa\\\/\",\"name\":\"apa - ag\u00eancia portuguesa do ambiente\",\"description\":\"\u201cVamos Lixar o Lixo\u201d \u00e9 uma convocat\u00f3ria. Uma forma direta, energ\u00e9tica e sem rodeios de dizer que o lixo n\u00e3o se resolve sozinho.\",\"publisher\":{\"@id\":\"https:\\\/\\\/nossavisao.pt\\\/apa\\\/#organization\"},\"potentialAction\":[{\"@type\":\"SearchAction\",\"target\":{\"@type\":\"EntryPoint\",\"urlTemplate\":\"https:\\\/\\\/nossavisao.pt\\\/apa\\\/?s={search_term_string}\"},\"query-input\":{\"@type\":\"PropertyValueSpecification\",\"valueRequired\":true,\"valueName\":\"search_term_string\"}}],\"inLanguage\":\"pt-PT\"},{\"@type\":\"Organization\",\"@id\":\"https:\\\/\\\/nossavisao.pt\\\/apa\\\/#organization\",\"name\":\"apa - ag\u00eancia portuguesa do ambiente\",\"url\":\"https:\\\/\\\/nossavisao.pt\\\/apa\\\/\",\"logo\":{\"@type\":\"ImageObject\",\"inLanguage\":\"pt-PT\",\"@id\":\"https:\\\/\\\/nossavisao.pt\\\/apa\\\/#\\\/schema\\\/logo\\\/image\\\/\",\"url\":\"https:\\\/\\\/nossavisao.pt\\\/apa\\\/wp-content\\\/uploads\\\/apa-hero-logo-w.svg\",\"contentUrl\":\"https:\\\/\\\/nossavisao.pt\\\/apa\\\/wp-content\\\/uploads\\\/apa-hero-logo-w.svg\",\"width\":164,\"height\":44,\"caption\":\"apa - ag\u00eancia portuguesa do ambiente\"},\"image\":{\"@id\":\"https:\\\/\\\/nossavisao.pt\\\/apa\\\/#\\\/schema\\\/logo\\\/image\\\/\"}}]}<\/script>\n<!-- \/ Yoast SEO plugin. -->","yoast_head_json":{"title":"Let\u2019s separate the waste.","description":"Let's separate the waste before our future is wasted.","robots":{"index":"index","follow":"follow","max-snippet":"max-snippet:-1","max-image-preview":"max-image-preview:large","max-video-preview":"max-video-preview:-1"},"canonical":"https:\/\/nossavisao.pt\/apa\/en\/lets-separate-the-waste\/","og_locale":"pt_PT","og_type":"article","og_title":"Let\u2019s separate the waste.","og_description":"Let's separate the waste before our future is wasted.","og_url":"https:\/\/nossavisao.pt\/apa\/en\/lets-separate-the-waste\/","og_site_name":"apa - ag\u00eancia portuguesa do ambiente","article_modified_time":"2026-02-02T11:50:33+00:00","og_image":[{"width":1200,"height":630,"url":"https:\/\/nossavisao.pt\/apa\/wp-content\/uploads\/share-1200x630-2.avif","type":"image\/jpeg"}],"twitter_card":"summary_large_image","twitter_misc":{"Tempo estimado de leitura":"1 minuto"},"schema":{"@context":"https:\/\/schema.org","@graph":[{"@type":"WebPage","@id":"https:\/\/nossavisao.pt\/apa\/en\/lets-separate-the-waste\/","url":"https:\/\/nossavisao.pt\/apa\/en\/lets-separate-the-waste\/","name":"Let\u2019s separate the waste.","isPartOf":{"@id":"https:\/\/nossavisao.pt\/apa\/#website"},"primaryImageOfPage":{"@id":"https:\/\/nossavisao.pt\/apa\/en\/lets-separate-the-waste\/#primaryimage"},"image":{"@id":"https:\/\/nossavisao.pt\/apa\/en\/lets-separate-the-waste\/#primaryimage"},"thumbnailUrl":"https:\/\/nossavisao.pt\/apa\/wp-content\/uploads\/share-1200x630-2.avif","datePublished":"2026-01-21T12:33:12+00:00","dateModified":"2026-02-02T11:50:33+00:00","description":"Let's separate the waste before our future is wasted.","breadcrumb":{"@id":"https:\/\/nossavisao.pt\/apa\/en\/lets-separate-the-waste\/#breadcrumb"},"inLanguage":"pt-PT","potentialAction":[{"@type":"ReadAction","target":["https:\/\/nossavisao.pt\/apa\/en\/lets-separate-the-waste\/"]}]},{"@type":"ImageObject","inLanguage":"pt-PT","@id":"https:\/\/nossavisao.pt\/apa\/en\/lets-separate-the-waste\/#primaryimage","url":"https:\/\/nossavisao.pt\/apa\/wp-content\/uploads\/share-1200x630-2.avif","contentUrl":"https:\/\/nossavisao.pt\/apa\/wp-content\/uploads\/share-1200x630-2.avif","width":1200,"height":630},{"@type":"BreadcrumbList","@id":"https:\/\/nossavisao.pt\/apa\/en\/lets-separate-the-waste\/#breadcrumb","itemListElement":[{"@type":"ListItem","position":1,"name":"In\u00edcio","item":"https:\/\/nossavisao.pt\/apa\/"},{"@type":"ListItem","position":2,"name":"vamos lixar o lixo &#8211; en"}]},{"@type":"WebSite","@id":"https:\/\/nossavisao.pt\/apa\/#website","url":"https:\/\/nossavisao.pt\/apa\/","name":"apa - ag\u00eancia portuguesa do ambiente","description":"\u201cVamos Lixar o Lixo\u201d \u00e9 uma convocat\u00f3ria. Uma forma direta, energ\u00e9tica e sem rodeios de dizer que o lixo n\u00e3o se resolve sozinho.","publisher":{"@id":"https:\/\/nossavisao.pt\/apa\/#organization"},"potentialAction":[{"@type":"SearchAction","target":{"@type":"EntryPoint","urlTemplate":"https:\/\/nossavisao.pt\/apa\/?s={search_term_string}"},"query-input":{"@type":"PropertyValueSpecification","valueRequired":true,"valueName":"search_term_string"}}],"inLanguage":"pt-PT"},{"@type":"Organization","@id":"https:\/\/nossavisao.pt\/apa\/#organization","name":"apa - ag\u00eancia portuguesa do ambiente","url":"https:\/\/nossavisao.pt\/apa\/","logo":{"@type":"ImageObject","inLanguage":"pt-PT","@id":"https:\/\/nossavisao.pt\/apa\/#\/schema\/logo\/image\/","url":"https:\/\/nossavisao.pt\/apa\/wp-content\/uploads\/apa-hero-logo-w.svg","contentUrl":"https:\/\/nossavisao.pt\/apa\/wp-content\/uploads\/apa-hero-logo-w.svg","width":164,"height":44,"caption":"apa - ag\u00eancia portuguesa do ambiente"},"image":{"@id":"https:\/\/nossavisao.pt\/apa\/#\/schema\/logo\/image\/"}}]}},"_links":{"self":[{"href":"https:\/\/nossavisao.pt\/apa\/wp-json\/wp\/v2\/pages\/510","targetHints":{"allow":["GET"]}}],"collection":[{"href":"https:\/\/nossavisao.pt\/apa\/wp-json\/wp\/v2\/pages"}],"about":[{"href":"https:\/\/nossavisao.pt\/apa\/wp-json\/wp\/v2\/types\/page"}],"author":[{"embeddable":true,"href":"https:\/\/nossavisao.pt\/apa\/wp-json\/wp\/v2\/users\/1"}],"replies":[{"embeddable":true,"href":"https:\/\/nossavisao.pt\/apa\/wp-json\/wp\/v2\/comments?post=510"}],"version-history":[{"count":53,"href":"https:\/\/nossavisao.pt\/apa\/wp-json\/wp\/v2\/pages\/510\/revisions"}],"predecessor-version":[{"id":902,"href":"https:\/\/nossavisao.pt\/apa\/wp-json\/wp\/v2\/pages\/510\/revisions\/902"}],"wp:featuredmedia":[{"embeddable":true,"href":"https:\/\/nossavisao.pt\/apa\/wp-json\/wp\/v2\/media\/846"}],"wp:attachment":[{"href":"https:\/\/nossavisao.pt\/apa\/wp-json\/wp\/v2\/media?parent=510"}],"curies":[{"name":"wp","href":"https:\/\/api.w.org\/{rel}","templated":true}]}}