{"id":3270,"date":"2021-02-25T09:06:56","date_gmt":"2021-02-25T09:06:56","guid":{"rendered":"https:\/\/nossavisao.pt\/madeiragolfpassport\/politica-de-privacidade\/"},"modified":"2024-12-27T12:52:21","modified_gmt":"2024-12-27T12:52:21","slug":"politica-de-privacidade","status":"publish","type":"page","link":"https:\/\/nossavisao.pt\/madeiragolfpassport\/pt-pt\/politica-de-privacidade\/","title":{"rendered":"Pol\u00edtica de Privacidade"},"content":{"rendered":"<p>[et_pb_section fb_built=&#8221;1&#8243; _builder_version=&#8221;4.16&#8243; global_colors_info=&#8221;{}&#8221;][et_pb_row _builder_version=&#8221;4.16&#8243; background_size=&#8221;initial&#8221; background_position=&#8221;top_left&#8221; background_repeat=&#8221;repeat&#8221; global_colors_info=&#8221;{}&#8221;][et_pb_column type=&#8221;4_4&#8243; _builder_version=&#8221;4.16&#8243; custom_padding=&#8221;|||&#8221; global_colors_info=&#8221;{}&#8221; custom_padding__hover=&#8221;|||&#8221;][et_pb_text _builder_version=&#8221;4.16&#8243; background_size=&#8221;initial&#8221; background_position=&#8221;top_left&#8221; background_repeat=&#8221;repeat&#8221; global_colors_info=&#8221;{}&#8221;]Para a Associa\u00e7\u00e3o de Promo\u00e7\u00e3o da Regi\u00e3o Aut\u00f3noma da Madeira (APM) a privacidade e seguran\u00e7a dos seus dados pessoais s\u00e3o aspetos que assumem uma import\u00e2ncia crucial.<\/p>\n<p>Esta pol\u00edtica de privacidade aplica-se ao site \u201cmadeiragolfpassport.com\u201d. A sua utiliza\u00e7\u00e3o implica a concord\u00e2ncia com as condi\u00e7\u00f5es presentes nesta pol\u00edtica.<\/p>\n<ol>\n<li><strong>A Associa\u00e7\u00e3o de Promo\u00e7\u00e3o da Regi\u00e3o Aut\u00f3noma da Madeira <\/strong><\/li>\n<\/ol>\n<p>A Associa\u00e7\u00e3o de Promo\u00e7\u00e3o da Regi\u00e3o Aut\u00f3noma da Madeira (APM), \u00e9 uma associa\u00e7\u00e3o sem fins lucrativos, fundada em agosto de 2004 por uma entidade p\u00fablica e uma entidade privada \u2013 a Dire\u00e7\u00e3o Regional de Turismo e a Associa\u00e7\u00e3o Comercial e Industrial do Funchal, que tem como como finalidade a realiza\u00e7\u00e3o de a\u00e7\u00f5es para promover o destino Madeira, procurando sempre desenvolver, um conjunto de iniciativas que incentivem a diversifica\u00e7\u00e3o da oferta que o destino apresenta,<\/p>\n<p>O respons\u00e1vel pelo tratamento de dados pessoais do \u00e9 a entidade Associa\u00e7\u00e3o de Promo\u00e7\u00e3o da Regi\u00e3o Aut\u00f3noma da Madeira (APM), com sede em Rua dos Aranhas, 24-26 . 9000-044 Funchal, pessoa coletiva n\u00ba 511236077. O compromisso para a seguran\u00e7a da informa\u00e7\u00e3o e prote\u00e7\u00e3o no tratamento dos dados pessoais tratados ao site \u201cmadeiragolfpassport.com\u201d, \u00e9 assumido pela Dire\u00e7\u00e3o da Associa\u00e7\u00e3o de Promo\u00e7\u00e3o da Regi\u00e3o Aut\u00f3noma da Madeira (APM).<\/p>\n<ol start=\"2\">\n<li><strong>O site<\/strong>\u201cmadeiragolfpassport.com<strong>\u201d<\/strong><\/li>\n<\/ol>\n<p>O madeiragolfpassport.com \u00e9 um site que promove o Golfe na Madeira e no Porto Santo. O seu principal objetivo \u00e9 disponibilizar aos utilizadores o um passaporte de golf que abrange os campos da Madeira e Porto Santo, permite aos jogadores reservar e escolher em que campos querem jogar e quando.<\/p>\n<p>Para saber mais detalhe sobre como recolhemos, utilizamos, partilhamos e protegemos os dados pessoais que obtemos, agradecemos que consulte as sec\u00e7\u00f5es seguintes desta Pol\u00edtica de Privacidade.<\/p>\n<ol start=\"3\">\n<li><strong>Categorias de Dados Pessoais tratados pelo site <\/strong><\/li>\n<\/ol>\n<ul>\n<li>Preenchimento de formul\u00e1rio de reserva, podem ser recolhidos dados pessoais das seguintes categorias:<\/li>\n<li>\u2022 Dados de identifica\u00e7\u00e3o (e.g. nome, passaporte);<\/li>\n<li>\u2022 Dados de contacto (e.g. morada, telem\u00f3vel, email);<\/li>\n<\/ul>\n<ol start=\"4\">\n<li><strong>Finalidades, fundamento do tratamento e prazos de conserva\u00e7\u00e3o dos dados pessoais<\/strong><\/li>\n<\/ol>\n<p>Na persecu\u00e7\u00e3o das suas atribui\u00e7\u00f5es, por via de rela\u00e7\u00e3o contratual, obriga\u00e7\u00e3o jur\u00eddica e\/ou interesse leg\u00edtimo, A APM<strong>,<\/strong> poder\u00e1 tratar os Seus dados pessoais para as finalidades descritas na tabela infra.<u> <\/u><\/p>\n<table width=\"663\">\n<thead>\n<tr>\n<td width=\"152\"><strong>Purpose of processing<\/strong><\/td>\n<td width=\"154\"><strong>Data category<\/strong><\/td>\n<td width=\"188\"><strong>Basis of lawfulness<\/strong><\/td>\n<td width=\"169\"><strong>Retention period<\/strong><\/td>\n<\/tr>\n<\/thead>\n<tbody>\n<tr>\n<td width=\"152\">&nbsp;<\/p>\n<p>Offer of reservation services &#8211; Golf Passport<\/td>\n<td width=\"154\">&nbsp;<\/p>\n<p>Identification data; Contact details;<\/td>\n<td width=\"188\">&nbsp;<\/p>\n<p>Submission of the booking form made voluntarily by the user.<\/td>\n<td width=\"169\">&nbsp;<\/p>\n<p>Permanent retention, unless objected to by the data subject<\/td>\n<\/tr>\n<\/tbody>\n<\/table>\n<p>A APM, mantem os dados indicados no ponto 3, at\u00e9 que o titular de dados, solicite a sua elimina\u00e7\u00e3o, pelos canais disponibilizados para esse efeito.<\/p>\n<ol start=\"5\">\n<li><strong>Liga\u00e7\u00e3o a sites de terceiros<\/strong><\/li>\n<\/ol>\n<p>No nosso site \u201cmadeiragolfpassport.com\u201d, est\u00e3o dispon\u00edveis liga\u00e7\u00f5es aos sites dos nossos parceiros. O tratamento dos dados pessoais realizado pelos nossos parceiros, n\u00e3o s\u00e3o da responsabilidade da APM, pelo que recomendamos a consulta da pol\u00edtica de privacidade dos respetivos parceiros.<\/p>\n<ol start=\"6\">\n<li><strong>Transfer\u00eancia de dados pessoais com outras entidades<\/strong><\/li>\n<\/ol>\n<p>Os dados pessoais, recolhido no nosso formul\u00e1rio de reserva, s\u00e3o partilhados com os seguintes parceiros:<\/p>\n<ul>\n<li>Clube de Golf Santo da Serra<\/li>\n<li>Palheiro Golf<\/li>\n<li>Porto Santo Golfe<\/li>\n<\/ul>\n<p>Para que a APM, consiga cumprir as suas atribui\u00e7\u00f5es e com vista a prestar-lhe um servi\u00e7o de qualidade, a APM, poder\u00e1 ter de dar acesso aos mesmos dados mencionados no ponto 3, a outras entidades. Neste caso, APM respons\u00e1vel pelo tratamento de dados tomar\u00e1 as medidas contratuais necess\u00e1rias para garantir que os subcontratantes respeitam e protegem os dados pessoais do titular.<\/p>\n<p>Para o desenvolvimento, manuten\u00e7\u00e3o e alojamento do site, recorre a prestadores de servi\u00e7os especializados. A APM assume o compromisso de garantir que todos os tratamentos de dados, mesmo que prestados por um subcontratante, s\u00e3o efetuados de forma transparente, segura e em conformidade com o Regulamento Geral de Prote\u00e7\u00e3o de Dados.<\/p>\n<p>Associa\u00e7\u00e3o de Promo\u00e7\u00e3o da Regi\u00e3o Aut\u00f3noma da Madeira<\/p>\n<p>Em caso da APM ser adquirida ou fundida com uma entidade terceira, reservamo-nos o direito, em qualquer uma destas circunst\u00e2ncias, de transferir ou ceder as informa\u00e7\u00f5es recolhidas dos nossos utilizadores como parte de tal fus\u00e3o, aquisi\u00e7\u00e3o, venda, ou outra mudan\u00e7a de controlo. No caso da nossa fal\u00eancia, insolv\u00eancia, reorganiza\u00e7\u00e3o, recupera\u00e7\u00e3o judicial, ou cess\u00e3o em benef\u00edcio dos credores, ou a aplica\u00e7\u00e3o de leis ou princ\u00edpios equitativos que afetem os direitos dos credores em geral, poderemos n\u00e3o ser capazes de controlar a forma como as suas informa\u00e7\u00f5es pessoais s\u00e3o tratadas, transferidas ou utilizadas.<\/p>\n<p>Podermos divulgar os seus dados para responder a intima\u00e7\u00f5es, ordens judiciais, ou processo legal, ou para estabelecer ou exercer os nossos direitos de defesa contra reclama\u00e7\u00f5es legais; e se considerarmos necess\u00e1rio investigar, prevenir, ou tomar medidas relativamente a atividades ilegais, suspeita de fraude, seguran\u00e7a de pessoa ou propriedade, viola\u00e7\u00e3o das nossas pol\u00edticas, ou como de outra forma exigido por lei.<\/p>\n<ol start=\"7\">\n<li><strong>Direitos dos Titulares dos Dados<\/strong><\/li>\n<\/ol>\n<p>Os utilizadores do site enquanto titulares dos dados, gozam dos seguintes direitos:<\/p>\n<ul>\n<li><strong>Direitos de acesso<\/strong><\/li>\n<\/ul>\n<p>Sempre que o solicitar, pode obter informa\u00e7\u00e3o de que dados pessoais seus s\u00e3o tratados pela APM Pode, ainda, aceder aos seus dados pessoais, bem como obter as seguintes informa\u00e7\u00f5es:<\/p>\n<ul>\n<li>As finalidades para as quais os seus dados pessoais s\u00e3o tratados;<\/li>\n<li>O tipo de dados pessoais que s\u00e3o tratados;<\/li>\n<li>As entidades a quem os seus dados pessoais podem ser comunicados, incluindo entidades da Uni\u00e3o Europeia ou organiza\u00e7\u00f5es internacionais;<\/li>\n<li>O prazo de conserva\u00e7\u00e3o dos seus dados ou, se tal n\u00e3o for poss\u00edvel, os crit\u00e9rios para fixar esse prazo;<\/li>\n<li>Os direitos de que goza em rela\u00e7\u00e3o ao tratamento dos seus dados pessoais;<\/li>\n<li>Se os dados pessoais n\u00e3o tiverem sido recolhidos junto de si, informa\u00e7\u00f5es sobre a sua origem e tipo de dados em quest\u00e3o;<\/li>\n<\/ul>\n<p>&nbsp;<\/p>\n<ul>\n<li><strong>Direito de retifica\u00e7\u00e3o<\/strong><\/li>\n<\/ul>\n<p>Sempre que considerar que os seus dados pessoais (fornecidos por si) est\u00e3o incompletos, pode pedir que sejam completados, ou pode solicitar a sua retifica\u00e7\u00e3o se se verificar que est\u00e3o incorretos.<\/p>\n<ul>\n<li><strong>Direito ao apagamento<\/strong><\/li>\n<\/ul>\n<p>Em determinadas circunst\u00e2ncias o titular dos dados poder\u00e1 solicitar o apagamento dos seus dados pessoais. A APM ir\u00e1 informar da possibilidade ou n\u00e3o satisfazer este direito face a obriga\u00e7\u00f5es de reten\u00e7\u00e3o existentes por via de imposi\u00e7\u00e3o legal ou interesse leg\u00edtimo.<\/p>\n<ul>\n<li><strong>Direito \u00e0 limita\u00e7\u00e3o do tratamento<\/strong><\/li>\n<\/ul>\n<p>O direito \u00e0 limita\u00e7\u00e3o do tratamento dos seus dados pessoais permite-lhe solicitar ao respons\u00e1vel pelo tratamento dos mesmos que restrinja o \u00e2mbito de acesso e tratamento dos seus dados pessoais ou que suspenda as atividades de tratamento. Pode requerer a limita\u00e7\u00e3o do tratamento dos seus dados pessoais nos seguintes casos:<\/p>\n<ul>\n<li>\u2022 se contestar a exatid\u00e3o dos seus dados pessoais, durante um per\u00edodo de tempo que permita \u00e0 Madeira Golf verificar a sua exatid\u00e3o;<\/li>\n<li>\u2022 se A APM j\u00e1 n\u00e3o precisar dos dados pessoais para fins de tratamento, mas se esses dados forem necess\u00e1rios para efeitos de declara\u00e7\u00e3o, exerc\u00edcio ou defesa de um direito num processo judicial.<\/li>\n<\/ul>\n<p>&nbsp;<\/p>\n<ul>\n<li><strong>Direito \u00e0 portabilidade<\/strong><\/li>\n<\/ul>\n<p>Poder\u00e1 solicitar \u00e0 APM a entrega, num formato estruturado, de uso corrente e de leitura autom\u00e1tica, dos dados pessoais por si fornecidos. Tem ainda o direito de pedir que a APM , transmita esses dados a outro respons\u00e1vel pelo tratamento, desde que tal seja tecnicamente poss\u00edvel.<\/p>\n<p>O direito \u00e0 portabilidade apenas se aplica nos seguintes casos:<\/p>\n<ul>\n<li>quando o tratamento se basear no consentimento expl\u00edcito ou na execu\u00e7\u00e3o de um contrato;<\/li>\n<li>quando o tratamento em causa for realizado por meios automatizados.<\/li>\n<\/ul>\n<p>&nbsp;<\/p>\n<ul>\n<li><strong>Direito de oposi\u00e7\u00e3o<\/strong><\/li>\n<\/ul>\n<p>Tem o direito de se opor ao tratamento dos seus dados pessoais a qualquer momento, por motivos relacionados com a sua situa\u00e7\u00e3o particular, e quando o tratamento for realizado para fins diferentes daqueles para os quais os dados foram recolhidos, mas que sejam compat\u00edveis com os mesmos.<\/p>\n<p>A APM , deixar\u00e1, nesses casos, de tratar os seus dados pessoais, a n\u00e3o ser que tenha raz\u00f5es leg\u00edtimas para realizar esse tratamento e que estas prevale\u00e7am sobre os seus interesses.<\/p>\n<p>O exerc\u00edcio do seu direito de oposi\u00e7\u00e3o poder\u00e1 implicar a suspens\u00e3o ou cessa\u00e7\u00e3o, total ou parcial, dos benef\u00edcios associados \u00e0 finalidade do tratamento dos dados em causa.<\/p>\n<ul>\n<li><strong>Direito a retirar o seu consentimento<\/strong><\/li>\n<\/ul>\n<p>Nos casos em que o tratamento dos dados seja feito com base no seu consentimento, poder\u00e1 retirar o consentimento a qualquer momento.<\/p>\n<p>Caso retire o seu consentimento, os seus dados pessoais deixar\u00e3o de ser tratados, exceto se existir outro fundamento, como obriga\u00e7\u00f5es legais e regulamentares ou o interesse leg\u00edtimo da APM, que justifique esse tratamento.<\/p>\n<ul>\n<li><strong>Direito a apresentar reclama\u00e7\u00f5es junto da APM ou autoridade de controlo<\/strong><\/li>\n<\/ul>\n<p>O titular dos dados pode exercer os direitos que lhe confere Regulamento para a Prote\u00e7\u00e3o de Dados Pessoais (RGPD), em rela\u00e7\u00e3o e cada um dos respons\u00e1veis pelo tratamento. O contacto para efeitos de assuntos relacionados com a prote\u00e7\u00e3o de dados pessoais pode ser efetuado, para os seguintes endere\u00e7os:<\/p>\n<p>Endere\u00e7o postal: Rua dos Aranhas, 24-26, 9000-044 Funchal<\/p>\n<p>Email address: <a href=\"mailto:dpo@ap-madeira.pt\" data-wplink-edit=\"true\">dpo@ap-madeira.pt<\/a><\/p>\n<p>O exerc\u00edcio dos seus direitos \u00e9 gratuito, a menos que o pedido seja manifestamente infundado ou excessivo, podendo, em tais casos, ser cobrada uma taxa razo\u00e1vel considerando os custos associados.<\/p>\n<p>A resposta aos seus pedidos deve ser prestada num prazo m\u00e1ximo de 30 dias, a n\u00e3o ser que se trate de um pedido especialmente complexo, caso em que esse prazo poder\u00e1 ser mais longo.<\/p>\n<p>Caso pretenda apresentar alguma reclama\u00e7\u00e3o relativamente a mat\u00e9rias relacionadas com o tratamento dos seus dados pessoais poder\u00e1 faz\u00ea-lo junto da Comiss\u00e3o Nacional de Prote\u00e7\u00e3o de Dados, autoridade de controlo competente em Portugal (<a href=\"http:\/\/www.cnpd.pt\" target=\"_blank\" rel=\"noopener\">www.cnpd.pt<\/a>).<\/p>\n<p>Pode consultar mais informa\u00e7\u00e3o sobre os Seus direitos no site da UE <a href=\"https:\/\/ec.europa.eu\/info\/law\/law-topic\/data-protection\/reform\/rights-citizens_pt\" target=\"_blank\" rel=\"noopener\">aqui<\/a>. (<a href=\"https:\/\/ec.europa.eu\/info\/law\/law-topic\/data-protection\/reform\/rights-citizens_pt\" target=\"_blank\" rel=\"noopener\">https:\/\/ec.europa.eu\/info\/law\/law-topic\/data-protection\/reform\/rights-citizens_pt)<\/a><\/p>\n<ol start=\"8\">\n<li><strong>Responsabilidades<\/strong><\/li>\n<\/ol>\n<p>A Dire\u00e7\u00e3o da APM, \u00e9 respons\u00e1vel pela defini\u00e7\u00e3o e implementa\u00e7\u00e3o desta pol\u00edtica, garantir a conformidade do tratamento de dados com a legisla\u00e7\u00e3o em vigor e verifica\u00e7\u00e3o do cumprimento desta pol\u00edtica de prote\u00e7\u00e3o de dados.<\/p>\n<p>\u00c9 igualmente da responsabilidade da APM, colaborar com a Comiss\u00e3o Nacional de Prote\u00e7\u00e3o de Dados \u201c(\u2026) a pedido desta, na prossecu\u00e7\u00e3o das suas atribui\u00e7\u00f5es.\u201d, em quest\u00f5es relacionadas com o tratamento de dados pessoais e que est\u00e3o na posse da APM .<\/p>\n<p>Todos os funcion\u00e1rios, colaboradores e prestadores da APM , s\u00e3o respons\u00e1veis pelo cumprimento das regras definidas, bem como, por comunicar \u00e0 Dire\u00e7\u00e3o qualquer incidente ou viola\u00e7\u00e3o da pol\u00edtica de privacidade.<\/p>\n<ol start=\"9\">\n<li><strong>Medidas de Seguran\u00e7a<\/strong><\/li>\n<\/ol>\n<p>A APM, obriga-se a implementar medidas de seguran\u00e7a, contra a destrui\u00e7\u00e3o, modifica\u00e7\u00e3o, perda, acesso ou divulga\u00e7\u00e3o indevida ou acidental, dos dados pessoais na sua posse, atrav\u00e9s de:<\/p>\n<ul>\n<li>Minimiza\u00e7\u00e3o dos dados pessoais tratados no site, restringindo a utiliza\u00e7\u00e3o dos dados pessoais ao estritamente necess\u00e1rio para o prop\u00f3sito do tratamento.<\/li>\n<li>Sele\u00e7\u00e3o rigorosa de parceiros\/subcontratados, que assegurem o cumprimento rigoroso das regras de conformidade com o RGPD.<\/li>\n<\/ul>\n<ol start=\"10\">\n<li><strong>Sistema de cookies<\/strong><\/li>\n<\/ol>\n<p>Os cookies s\u00e3o pequenos ficheiros informativos enviados do site ou do servidor para o disco r\u00edgido do seu computador atrav\u00e9s do Web Browser (se autorizar) e que permitem que os sites ou os fornecedores de servi\u00e7os reconhe\u00e7am o seu browser, e capturem e recordem determinados dados.<\/p>\n<p>For further information you should refer to the cookies policy at https:\/\/nossavisao.pt\/madeiragolfpassport\/cookie-policy-uk\/<\/p>\n<ol start=\"11\">\n<li><strong>Altera\u00e7\u00f5es a esta pol\u00edtica<\/strong><\/li>\n<\/ol>\n<p>A APM, reserva-se ao direito de poder alterar esta Pol\u00edtica de Privacidade em qualquer altura para refletir as pr\u00e1ticas de privacidade atuais, mantendo a conformidade com a legisla\u00e7\u00e3o vigente. Quando fazemos altera\u00e7\u00f5es \u00e0 Pol\u00edtica de Privacidade, revemos a \u201cdata de atualiza\u00e7\u00e3o\u201d no rodap\u00e9 do documento.<\/p>\n<p>Aconselhamos a leitura peri\u00f3dica desta Pol\u00edtica de Privacidade para que tenha conhecimento da forma como a APM, protege a sua informa\u00e7\u00e3o.[\/et_pb_text][\/et_pb_column][\/et_pb_row][\/et_pb_section]<\/p>\n","protected":false},"excerpt":{"rendered":"<p>Para a Associa\u00e7\u00e3o de Promo\u00e7\u00e3o da Regi\u00e3o Aut\u00f3noma da Madeira (APM) a privacidade e seguran\u00e7a dos seus dados pessoais s\u00e3o aspetos que assumem uma import\u00e2ncia crucial. Esta pol\u00edtica de privacidade aplica-se ao site \u201cmadeiragolfpassport.com\u201d. A sua utiliza\u00e7\u00e3o implica a concord\u00e2ncia com as condi\u00e7\u00f5es presentes nesta pol\u00edtica. A Associa\u00e7\u00e3o de Promo\u00e7\u00e3o da Regi\u00e3o Aut\u00f3noma da Madeira [&hellip;]<\/p>\n","protected":false},"author":1,"featured_media":0,"parent":0,"menu_order":0,"comment_status":"closed","ping_status":"closed","template":"","meta":{"_et_pb_use_builder":"on","_et_pb_old_content":"","_et_gb_content_width":"","footnotes":""},"class_list":["post-3270","page","type-page","status-publish","hentry"],"_links":{"self":[{"href":"https:\/\/nossavisao.pt\/madeiragolfpassport\/pt-pt\/wp-json\/wp\/v2\/pages\/3270","targetHints":{"allow":["GET"]}}],"collection":[{"href":"https:\/\/nossavisao.pt\/madeiragolfpassport\/pt-pt\/wp-json\/wp\/v2\/pages"}],"about":[{"href":"https:\/\/nossavisao.pt\/madeiragolfpassport\/pt-pt\/wp-json\/wp\/v2\/types\/page"}],"author":[{"embeddable":true,"href":"https:\/\/nossavisao.pt\/madeiragolfpassport\/pt-pt\/wp-json\/wp\/v2\/users\/1"}],"replies":[{"embeddable":true,"href":"https:\/\/nossavisao.pt\/madeiragolfpassport\/pt-pt\/wp-json\/wp\/v2\/comments?post=3270"}],"version-history":[{"count":9,"href":"https:\/\/nossavisao.pt\/madeiragolfpassport\/pt-pt\/wp-json\/wp\/v2\/pages\/3270\/revisions"}],"predecessor-version":[{"id":7368,"href":"https:\/\/nossavisao.pt\/madeiragolfpassport\/pt-pt\/wp-json\/wp\/v2\/pages\/3270\/revisions\/7368"}],"wp:attachment":[{"href":"https:\/\/nossavisao.pt\/madeiragolfpassport\/pt-pt\/wp-json\/wp\/v2\/media?parent=3270"}],"curies":[{"name":"wp","href":"https:\/\/api.w.org\/{rel}","templated":true}]}}